{"id":375,"date":"2025-07-28T13:56:41","date_gmt":"2025-07-28T13:56:41","guid":{"rendered":"https:\/\/www.mg-laser.de\/?post_type=product&#038;p=375"},"modified":"2026-02-02T10:31:16","modified_gmt":"2026-02-02T09:31:16","slug":"der-neue-co%e2%82%82-laser-v-lase","status":"publish","type":"product","link":"http:\/\/mglaser.ch\/home\/product\/der-neue-co%e2%82%82-laser-v-lase\/","title":{"rendered":"Der neue CO\u2082-Laser V-Lase"},"content":{"rendered":"<div class=\"fusion-fullwidth fullwidth-box fusion-builder-row-1 fusion-flex-container has-pattern-background has-mask-background nonhundred-percent-fullwidth non-hundred-percent-height-scrolling\" style=\"--awb-border-radius-top-left:0px;--awb-border-radius-top-right:0px;--awb-border-radius-bottom-right:0px;--awb-border-radius-bottom-left:0px;--awb-padding-top:50px;--awb-padding-bottom:50px;--awb-padding-right-small:0px;--awb-padding-left-small:0px;--awb-flex-wrap:wrap;\" ><div class=\"fusion-builder-row fusion-row fusion-flex-align-items-flex-start fusion-flex-justify-content-center fusion-flex-content-wrap\" style=\"max-width:1497.6px;margin-left: calc(-4% \/ 2 );margin-right: calc(-4% \/ 2 );\"><div class=\"fusion-layout-column fusion_builder_column fusion-builder-column-0 fusion_builder_column_1_2 1_2 fusion-flex-column\" style=\"--awb-bg-size:cover;--awb-width-large:50%;--awb-margin-top-large:0px;--awb-spacing-right-large:3.84%;--awb-margin-bottom-large:20px;--awb-spacing-left-large:0%;--awb-width-medium:50%;--awb-order-medium:0;--awb-spacing-right-medium:3.84%;--awb-spacing-left-medium:0%;--awb-width-small:100%;--awb-order-small:0;--awb-spacing-right-small:1.92%;--awb-spacing-left-small:1.92%;\"><div class=\"fusion-column-wrapper fusion-column-has-shadow fusion-flex-justify-content-flex-start fusion-content-layout-column\"><div class=\"fusion-image-carousel fusion-image-carousel-auto fusion-image-carousel-1 fusion-carousel-border mgl-custom-slider\"><div class=\"awb-carousel awb-swiper awb-swiper-carousel awb-carousel--carousel awb-swiper-dots-position-below\" data-layout=\"carousel\" data-autoplay=\"yes\" data-autoplayspeed=\"2500\" data-autoplaypause=\"no\" data-columns=\"1.0\" data-columnsmedium=\"1\" data-columnssmall=\"1\" data-itemmargin=\"13\" data-itemwidth=\"180\" data-touchscroll=\"no\" data-freemode=\"no\" data-imagesize=\"auto\" data-scrollitems=\"0\" data-centeredslides=\"no\" data-rotationangle=\"50\" data-depth=\"100\" data-speed=\"500\" data-shadow=\"no\" data-pagination=\"bullets\" style=\"--awb-columns:1.0;--awb-border-width:1px;--awb-border-radius-top-left:20px;--awb-border-radius-top-right:20px;--awb-border-radius-bottom-right:20px;--awb-border-radius-bottom-left:20px;--awb-dots-align:center;\"><div class=\"swiper-wrapper awb-image-carousel-wrapper fusion-flex-align-items-center\"><div class=\"swiper-slide\"><div class=\"fusion-carousel-item-wrapper\"><div class=\"fusion-image-wrapper hover-type-none\"><img decoding=\"async\" width=\"1696\" height=\"608\" src=\"http:\/\/mglaser.ch\/wp-content\/uploads\/2025\/11\/Gemini_Generated_Image_uegja7uegja7uegj.png\" class=\"attachment-full size-full\" alt=\"\" srcset=\"http:\/\/mglaser.ch\/wp-content\/uploads\/2025\/11\/Gemini_Generated_Image_uegja7uegja7uegj-300x108.png 300w, http:\/\/mglaser.ch\/wp-content\/uploads\/2025\/11\/Gemini_Generated_Image_uegja7uegja7uegj-768x275.png 768w, http:\/\/mglaser.ch\/wp-content\/uploads\/2025\/11\/Gemini_Generated_Image_uegja7uegja7uegj-1024x367.png 1024w, http:\/\/mglaser.ch\/wp-content\/uploads\/2025\/11\/Gemini_Generated_Image_uegja7uegja7uegj-1536x551.png 1536w, http:\/\/mglaser.ch\/wp-content\/uploads\/2025\/11\/Gemini_Generated_Image_uegja7uegja7uegj.png 1696w\" sizes=\"(max-width: 1696px) 100vw, 1696px\" \/><\/div><\/div><\/div><div class=\"swiper-slide\"><div class=\"fusion-carousel-item-wrapper\"><div class=\"fusion-image-wrapper hover-type-none\"><img decoding=\"async\" width=\"711\" height=\"496\" src=\"http:\/\/mglaser.ch\/wp-content\/uploads\/2025\/07\/v-lase-diagramm.png\" class=\"attachment-full size-full\" alt=\"\" srcset=\"http:\/\/mglaser.ch\/wp-content\/uploads\/2025\/07\/v-lase-diagramm-300x209.png 300w, http:\/\/mglaser.ch\/wp-content\/uploads\/2025\/07\/v-lase-diagramm.png 711w\" sizes=\"(max-width: 711px) 100vw, 711px\" \/><\/div><\/div><\/div><div class=\"swiper-slide\"><div class=\"fusion-carousel-item-wrapper\"><div class=\"fusion-image-wrapper hover-type-none\"><img decoding=\"async\" width=\"832\" height=\"963\" src=\"http:\/\/mglaser.ch\/wp-content\/uploads\/2025\/11\/Upscale-Menchaca.png\" class=\"attachment-full size-full\" alt=\"\" srcset=\"http:\/\/mglaser.ch\/wp-content\/uploads\/2025\/11\/Upscale-Menchaca-259x300.png 259w, http:\/\/mglaser.ch\/wp-content\/uploads\/2025\/11\/Upscale-Menchaca-768x889.png 768w, http:\/\/mglaser.ch\/wp-content\/uploads\/2025\/11\/Upscale-Menchaca.png 832w\" sizes=\"(max-width: 832px) 100vw, 832px\" \/><\/div><\/div><\/div><\/div><div class=\"swiper-pagination\"><\/div><\/div><\/div><div class=\"fusion-text fusion-text-1\"><p><i>&#8222;V-Lase ist der einzige nicht-ablative CO\u2082-Laser mit <\/i><i>einer patentierten Technologie, die gezielt das <\/i><i>Gewebe der Vagina erw\u00e4rmt und dadurch die <\/i><i>Fibroplasten- und Neukollagen-Bildung anregt. <\/i><i>Die Behandlung ist ein \u201enon-burning\u201c Verfahren; ohne <\/i><i>An\u00e4sthesie absolut schmerzfrei. Es kommt zu keiner <\/i><i>Blutung und daher auch zu keinem Infektionsrisiko. <\/i><i>Die Behandlung ist somit sicher und einfach in der <\/i><i>Praxis durchzufu\u0308hren.&#8220; <\/i>&#8211; Dr. Menchaca (Paris Community Hospital, Illinois)<\/p>\n<\/div><\/div><\/div><div class=\"fusion-layout-column fusion_builder_column fusion-builder-column-1 fusion_builder_column_1_2 1_2 fusion-flex-column fusion-flex-align-self-stretch\" style=\"--awb-bg-size:cover;--awb-width-large:50%;--awb-margin-top-large:0px;--awb-spacing-right-large:0%;--awb-margin-bottom-large:20px;--awb-spacing-left-large:3.84%;--awb-width-medium:50%;--awb-order-medium:0;--awb-spacing-right-medium:0%;--awb-spacing-left-medium:3.84%;--awb-width-small:100%;--awb-order-small:0;--awb-spacing-right-small:1.92%;--awb-spacing-left-small:1.92%;\"><div class=\"fusion-column-wrapper fusion-column-has-shadow fusion-flex-justify-content-center fusion-content-layout-column\"><div class=\"fusion-text fusion-text-2 fusion-text-no-margin\" style=\"--awb-content-alignment:left;--awb-font-size:20px;--awb-text-transform:uppercase;--awb-text-color:var(--awb-color4);--awb-text-font-family:&quot;Neue Plak&quot;;--awb-text-font-style:normal;--awb-text-font-weight:400;\"><p>Ger\u00e4te-Highlights<\/p>\n<\/div><div class=\"fusion-title title fusion-title-1 fusion-sep-none fusion-title-text fusion-title-size-three\" style=\"--awb-font-size:35px;\"><h3 class=\"fusion-title-heading title-heading-left fusion-responsive-typography-calculated\" style=\"margin:0;font-size:1em;--fontSize:35;line-height:var(--awb-typography1-line-height);\">Vorteile der neuen Methode<\/h3><\/div><ul style=\"--awb-margin-top:30px;--awb-line-height:27.2px;--awb-icon-width:27.2px;--awb-icon-height:27.2px;--awb-icon-margin:11.2px;--awb-content-margin:38.4px;--awb-circlecolor:var(--awb-color4);--awb-circle-yes-font-size:14.08px;\" class=\"fusion-checklist fusion-checklist-1 fusion-checklist-default type-icons custom-list\"><li class=\"fusion-li-item\" style=\"\"><span class=\"icon-wrapper circle-yes\"><i class=\"fusion-li-icon awb-icon-check\" aria-hidden=\"true\"><\/i><\/span><div class=\"fusion-li-item-content\">\n<p>non-ablatives Verfahren mit kontrollierter, gezielter tiefer W\u00e4rmeabgabe<\/p>\n<\/div><\/li><li class=\"fusion-li-item\" style=\"\"><span class=\"icon-wrapper circle-yes\"><i class=\"fusion-li-icon awb-icon-check\" aria-hidden=\"true\"><\/i><\/span><div class=\"fusion-li-item-content\">\n<p>Schmerzfrei ohne An\u00e4sthesie und hoher Patientenkomfort<\/p>\n<\/div><\/li><li class=\"fusion-li-item\" style=\"\"><span class=\"icon-wrapper circle-yes\"><i class=\"fusion-li-icon awb-icon-check\" aria-hidden=\"true\"><\/i><\/span><div class=\"fusion-li-item-content\">\n<p>Touchscreen-Men\u00fc mit vorprogrammierten klinischen Protokollen f\u00fcr vaginale Atrophie und Stre\u00dfharninkontinenz<\/p>\n<\/div><\/li><li class=\"fusion-li-item\" style=\"\"><span class=\"icon-wrapper circle-yes\"><i class=\"fusion-li-icon awb-icon-check\" aria-hidden=\"true\"><\/i><\/span><div class=\"fusion-li-item-content\">\n<p>Hygienisches Design mit autoklavierbaren Komponenten f\u00fcr Intimbehandlungen<\/p>\n<\/div><\/li><li class=\"fusion-li-item\" style=\"\"><span class=\"icon-wrapper circle-yes\"><i class=\"fusion-li-icon awb-icon-check\" aria-hidden=\"true\"><\/i><\/span><div class=\"fusion-li-item-content\">Ger\u00e4uscharm &amp; mobil \u2013 ideal f\u00fcr den Einsatz in Kliniken &amp; Privatpraxen<\/div><\/li><li class=\"fusion-li-item\" style=\"\"><span class=\"icon-wrapper circle-yes\"><i class=\"fusion-li-icon awb-icon-check\" aria-hidden=\"true\"><\/i><\/span><div class=\"fusion-li-item-content\">\n<p>Optional: Fraktionierter Scanner; Adaption an Kolposkop\/Mikroskop<\/p>\n<\/div><\/li><\/ul><\/div><\/div><div class=\"fusion-layout-column fusion_builder_column fusion-builder-column-2 fusion_builder_column_1_1 1_1 fusion-flex-column fusion-flex-align-self-center\" style=\"--awb-padding-top:80px;--awb-padding-right:20px;--awb-padding-bottom:80px;--awb-padding-left:20px;--awb-overflow:hidden;--awb-bg-color:var(--awb-color4);--awb-bg-color-hover:var(--awb-color4);--awb-bg-size:cover;--awb-border-radius:10px 10px 10px 10px;--awb-width-large:100%;--awb-margin-top-large:0px;--awb-spacing-right-large:0%;--awb-margin-bottom-large:20px;--awb-spacing-left-large:0%;--awb-width-medium:100%;--awb-order-medium:0;--awb-spacing-right-medium:0%;--awb-spacing-left-medium:0%;--awb-width-small:100%;--awb-order-small:0;--awb-spacing-right-small:1.92%;--awb-spacing-left-small:1.92%;\"><div class=\"fusion-column-wrapper fusion-column-has-shadow fusion-flex-justify-content-center fusion-content-layout-column\"><div class=\"fusion-builder-row fusion-builder-row-inner fusion-row fusion-flex-align-items-flex-start fusion-flex-justify-content-center fusion-flex-content-wrap\" style=\"width:104% !important;max-width:104% !important;margin-left: calc(-4% \/ 2 );margin-right: calc(-4% \/ 2 );\"><div class=\"fusion-layout-column fusion_builder_column_inner fusion-builder-nested-column-0 fusion_builder_column_inner_1_3 1_3 fusion-flex-column fusion-flex-align-self-center\" style=\"--awb-bg-size:cover;--awb-width-large:33.3333333333%;--awb-margin-top-large:0px;--awb-spacing-right-large:5.76%;--awb-margin-bottom-large:0px;--awb-spacing-left-large:5.76%;--awb-width-medium:33.3333333333%;--awb-order-medium:0;--awb-spacing-right-medium:5.76%;--awb-spacing-left-medium:5.76%;--awb-width-small:100%;--awb-order-small:0;--awb-spacing-right-small:1.92%;--awb-spacing-left-small:1.92%;\"><div class=\"fusion-column-wrapper fusion-column-has-shadow fusion-flex-justify-content-flex-start fusion-content-layout-column\"><div class=\"fusion-title title fusion-title-2 fusion-sep-none fusion-title-text fusion-title-size-three\" style=\"--awb-text-color:var(--awb-color1);--awb-font-size:35px;\"><h3 class=\"fusion-title-heading title-heading-left fusion-responsive-typography-calculated\" style=\"margin:0;font-size:1em;--fontSize:35;line-height:var(--awb-typography1-line-height);\">Indikationen<\/h3><\/div><\/div><\/div><div class=\"fusion-layout-column fusion_builder_column_inner fusion-builder-nested-column-1 fusion_builder_column_inner_1_2 1_2 fusion-flex-column\" style=\"--awb-bg-size:cover;--awb-width-large:50%;--awb-margin-top-large:0px;--awb-spacing-right-large:3.84%;--awb-margin-bottom-large:0px;--awb-spacing-left-large:3.84%;--awb-width-medium:50%;--awb-order-medium:0;--awb-spacing-right-medium:3.84%;--awb-spacing-left-medium:3.84%;--awb-width-small:100%;--awb-order-small:0;--awb-spacing-right-small:1.92%;--awb-spacing-left-small:1.92%;\"><div class=\"fusion-column-wrapper fusion-column-has-shadow fusion-flex-justify-content-flex-start fusion-content-layout-column\"><ul style=\"--awb-margin-top:30px;--awb-iconcolor:var(--awb-color4);--awb-textcolor:var(--awb-color1);--awb-line-height:27.2px;--awb-icon-width:27.2px;--awb-icon-height:27.2px;--awb-icon-margin:11.2px;--awb-content-margin:38.4px;--awb-circlecolor:#ffffff;--awb-circle-yes-font-size:14.08px;\" class=\"fusion-checklist fusion-checklist-2 fusion-checklist-default type-icons custom-list-repeater\"><li class=\"fusion-li-item\" style=\"\"><span class=\"icon-wrapper circle-yes\"><i class=\"fusion-li-icon awb-icon-check\" aria-hidden=\"true\"><\/i><\/span><div class=\"fusion-li-item-content\">\n<p>Vaginale Atrophie<\/p>\n<\/div><\/li><li class=\"fusion-li-item\" style=\"\"><span class=\"icon-wrapper circle-yes\"><i class=\"fusion-li-icon awb-icon-check\" aria-hidden=\"true\"><\/i><\/span><div class=\"fusion-li-item-content\">\n<p>Stressharninkontinenz, Harnwegsinfekte<\/p>\n<\/div><\/li><li class=\"fusion-li-item\" style=\"\"><span class=\"icon-wrapper circle-yes\"><i class=\"fusion-li-icon awb-icon-check\" aria-hidden=\"true\"><\/i><\/span><div class=\"fusion-li-item-content\">\n<p>Lichen Sclerosus (Vulvadystrophie)<\/p>\n<\/div><\/li><li class=\"fusion-li-item\" style=\"\"><span class=\"icon-wrapper circle-yes\"><i class=\"fusion-li-icon awb-icon-check\" aria-hidden=\"true\"><\/i><\/span><div class=\"fusion-li-item-content\">\n<p>Kondylome, Zysten, Leukoplakien<\/p>\n<\/div><\/li><li class=\"fusion-li-item\" style=\"\"><span class=\"icon-wrapper circle-yes\"><i class=\"fusion-li-icon awb-icon-check\" aria-hidden=\"true\"><\/i><\/span><div class=\"fusion-li-item-content\">\n<p>Narben, Striae<\/p>\n<\/div><\/li><li class=\"fusion-li-item\" style=\"\"><span class=\"icon-wrapper circle-yes\"><i class=\"fusion-li-icon awb-icon-check\" aria-hidden=\"true\"><\/i><\/span><div class=\"fusion-li-item-content\">\n<p>Schmerzhafter Geschlechtsverkehr<\/p>\n<\/div><\/li><li class=\"fusion-li-item\" style=\"\"><span class=\"icon-wrapper circle-yes\"><i class=\"fusion-li-icon awb-icon-check\" aria-hidden=\"true\"><\/i><\/span><div class=\"fusion-li-item-content\">\n<p>Verbesserung im Aussehen und Tonus der Vulva<\/p>\n<\/div><\/li><\/ul><\/div><\/div><\/div><div class=\"fusion-video fusion-youtube\" style=\"--awb-max-width:600px;--awb-max-height:350px;--awb-align-self:center;--awb-width:100%;--awb-margin-top:50px;\"><div class=\"video-shortcode\"><div class=\"fluid-width-video-wrapper\" style=\"padding-top:58.33%;\" ><iframe title=\"YouTube video player 1\" src=\"https:\/\/www.youtube.com\/embed\/vVXCrC0SrB0?wmode=transparent&autoplay=0\" width=\"600\" height=\"350\" allowfullscreen allow=\"autoplay; clipboard-write; encrypted-media; gyroscope; picture-in-picture;\"><\/iframe><\/div><\/div><\/div><\/div><\/div><\/div><\/div>\n","protected":false},"featured_media":373,"template":"","meta":{"_acf_changed":false},"department":[50],"product-categories":[52],"class_list":["post-375","product","type-product","status-publish","has-post-thumbnail","hentry","department-gynakologie","product-categories-intimlaser"],"acf":[],"_links":{"self":[{"href":"http:\/\/mglaser.ch\/home\/wp-json\/wp\/v2\/product\/375","targetHints":{"allow":["GET"]}}],"collection":[{"href":"http:\/\/mglaser.ch\/home\/wp-json\/wp\/v2\/product"}],"about":[{"href":"http:\/\/mglaser.ch\/home\/wp-json\/wp\/v2\/types\/product"}],"wp:featuredmedia":[{"embeddable":true,"href":"http:\/\/mglaser.ch\/home\/wp-json\/wp\/v2\/media\/373"}],"wp:attachment":[{"href":"http:\/\/mglaser.ch\/home\/wp-json\/wp\/v2\/media?parent=375"}],"wp:term":[{"taxonomy":"department","embeddable":true,"href":"http:\/\/mglaser.ch\/home\/wp-json\/wp\/v2\/department?post=375"},{"taxonomy":"product-categories","embeddable":true,"href":"http:\/\/mglaser.ch\/home\/wp-json\/wp\/v2\/product-categories?post=375"}],"curies":[{"name":"wp","href":"https:\/\/api.w.org\/{rel}","templated":true}]}}