{"id":415,"date":"2025-07-28T16:50:30","date_gmt":"2025-07-28T16:50:30","guid":{"rendered":"https:\/\/www.mg-laser.de\/?post_type=product&amp;p=415"},"modified":"2025-07-28T16:50:30","modified_gmt":"2025-07-28T16:50:30","slug":"velure-s940-gefaslaser","status":"publish","type":"product","link":"http:\/\/mglaser.ch\/home\/product\/velure-s940-gefaslaser\/","title":{"rendered":"Velure S940 Gef\u00e4\u00dflaser"},"content":{"rendered":"<div class=\"fusion-fullwidth fullwidth-box fusion-builder-row-1 fusion-flex-container has-pattern-background has-mask-background nonhundred-percent-fullwidth non-hundred-percent-height-scrolling\" style=\"--awb-border-radius-top-left:0px;--awb-border-radius-top-right:0px;--awb-border-radius-bottom-right:0px;--awb-border-radius-bottom-left:0px;--awb-padding-top:50px;--awb-padding-bottom:50px;--awb-flex-wrap:wrap;\" ><div class=\"fusion-builder-row fusion-row fusion-flex-align-items-flex-start fusion-flex-justify-content-center fusion-flex-content-wrap\" style=\"max-width:1497.6px;margin-left: calc(-4% \/ 2 );margin-right: calc(-4% \/ 2 );\"><div class=\"fusion-layout-column fusion_builder_column fusion-builder-column-0 fusion_builder_column_1_2 1_2 fusion-flex-column\" style=\"--awb-bg-size:cover;--awb-width-large:50%;--awb-margin-top-large:0px;--awb-spacing-right-large:3.84%;--awb-margin-bottom-large:20px;--awb-spacing-left-large:0%;--awb-width-medium:50%;--awb-order-medium:0;--awb-spacing-right-medium:3.84%;--awb-spacing-left-medium:0%;--awb-width-small:100%;--awb-order-small:0;--awb-spacing-right-small:1.92%;--awb-spacing-left-small:1.92%;\"><div class=\"fusion-column-wrapper fusion-column-has-shadow fusion-flex-justify-content-flex-start fusion-content-layout-column\"><div class=\"fusion-video fusion-youtube\" style=\"--awb-max-width:600px;--awb-max-height:360px;\"><div class=\"video-shortcode\"><div class=\"fluid-width-video-wrapper\" style=\"padding-top:60%;\" ><iframe title=\"YouTube video player 1\" src=\"https:\/\/www.youtube.com\/embed\/OF-2E7P76AU?wmode=transparent&autoplay=0\" width=\"600\" height=\"360\" allowfullscreen allow=\"autoplay; clipboard-write; encrypted-media; gyroscope; picture-in-picture;\"><\/iframe><\/div><\/div><\/div><\/div><\/div><div class=\"fusion-layout-column fusion_builder_column fusion-builder-column-1 fusion_builder_column_1_2 1_2 fusion-flex-column fusion-flex-align-self-stretch\" style=\"--awb-bg-size:cover;--awb-width-large:50%;--awb-margin-top-large:0px;--awb-spacing-right-large:0%;--awb-margin-bottom-large:20px;--awb-spacing-left-large:3.84%;--awb-width-medium:50%;--awb-order-medium:0;--awb-spacing-right-medium:0%;--awb-spacing-left-medium:3.84%;--awb-width-small:100%;--awb-order-small:0;--awb-spacing-right-small:1.92%;--awb-spacing-left-small:1.92%;\"><div class=\"fusion-column-wrapper fusion-column-has-shadow fusion-flex-justify-content-center fusion-content-layout-column\"><div class=\"fusion-text fusion-text-1 fusion-text-no-margin\" style=\"--awb-content-alignment:left;--awb-font-size:20px;--awb-text-transform:uppercase;--awb-text-color:var(--awb-color4);--awb-text-font-family:&quot;Neue Plak&quot;;--awb-text-font-style:normal;--awb-text-font-weight:400;\"><p>Ger\u00e4te-Highlights<\/p>\n<\/div><div class=\"fusion-title title fusion-title-1 fusion-sep-none fusion-title-text fusion-title-size-three\" style=\"--awb-font-size:35px;\"><h3 class=\"fusion-title-heading title-heading-left fusion-responsive-typography-calculated\" style=\"margin:0;font-size:1em;--fontSize:35;line-height:var(--awb-typography1-line-height);\">F\u00fcr transdermale &amp; endoluminale Gef\u00e4\u00dfbehandlungen \u2013 von Gesicht bis Beine<\/h3><\/div><div class=\"fusion-text fusion-text-2\"><p data-start=\"354\" data-end=\"613\">Der <strong data-start=\"358\" data-end=\"375\">Velure S9\/940<\/strong> ist ein kompaktes, hochleistungsf\u00e4higes <strong data-start=\"416\" data-end=\"437\">Diodenlasersystem<\/strong> mit <strong data-start=\"442\" data-end=\"471\">150\u202fWatt Ausgangsleistung<\/strong>, entwickelt f\u00fcr die sichere, effektive und nahezu schmerzfreie <strong data-start=\"535\" data-end=\"569\">Behandlung vaskul\u00e4rer L\u00e4sionen<\/strong> \u2013 im Gesicht, am Rumpf und an den Beinen.<\/p>\n<p data-start=\"615\" data-end=\"828\">Dank seiner idealen <strong data-start=\"635\" data-end=\"661\">Wellenl\u00e4nge von 940\u202fnm<\/strong> und der tiefen Gewebepenetration eignet sich der Laser hervorragend zur <strong data-start=\"734\" data-end=\"792\">transdermalen Koagulation von roten und blauen Gef\u00e4\u00dfen<\/strong> \u2013 auch bei <strong data-start=\"804\" data-end=\"827\">dunkleren Hauttypen<\/strong>.<\/p>\n<\/div><\/div><\/div><\/div><\/div>\n","protected":false},"featured_media":410,"template":"","meta":{"_acf_changed":false},"department":[47],"product-categories":[49],"class_list":["post-415","product","type-product","status-publish","has-post-thumbnail","hentry","department-dermatologie","product-categories-gefaslaser"],"acf":[],"_links":{"self":[{"href":"http:\/\/mglaser.ch\/home\/wp-json\/wp\/v2\/product\/415","targetHints":{"allow":["GET"]}}],"collection":[{"href":"http:\/\/mglaser.ch\/home\/wp-json\/wp\/v2\/product"}],"about":[{"href":"http:\/\/mglaser.ch\/home\/wp-json\/wp\/v2\/types\/product"}],"wp:featuredmedia":[{"embeddable":true,"href":"http:\/\/mglaser.ch\/home\/wp-json\/wp\/v2\/media\/410"}],"wp:attachment":[{"href":"http:\/\/mglaser.ch\/home\/wp-json\/wp\/v2\/media?parent=415"}],"wp:term":[{"taxonomy":"department","embeddable":true,"href":"http:\/\/mglaser.ch\/home\/wp-json\/wp\/v2\/department?post=415"},{"taxonomy":"product-categories","embeddable":true,"href":"http:\/\/mglaser.ch\/home\/wp-json\/wp\/v2\/product-categories?post=415"}],"curies":[{"name":"wp","href":"https:\/\/api.w.org\/{rel}","templated":true}]}}